{"id":1377,"date":"2025-03-21T14:31:46","date_gmt":"2025-03-21T14:31:46","guid":{"rendered":"https:\/\/scadvogados.adv.br\/?page_id=1377"},"modified":"2026-01-06T17:22:41","modified_gmt":"2026-01-06T17:22:41","slug":"escritorio","status":"publish","type":"page","link":"https:\/\/scadvogados.adv.br\/index.php\/escritorio\/","title":{"rendered":"Escrit\u00f3rio"},"content":{"rendered":"\t\t<div data-elementor-type=\"wp-page\" data-elementor-id=\"1377\" class=\"elementor elementor-1377\" data-elementor-post-type=\"page\">\n\t\t\t\t<div class=\"elementor-element elementor-element-e0343cd e-flex e-con-boxed e-con e-parent\" data-id=\"e0343cd\" data-element_type=\"container\" data-settings=\"{&quot;background_background&quot;:&quot;gradient&quot;,&quot;ekit_has_onepagescroll_dot&quot;:&quot;yes&quot;}\">\n\t\t\t\t\t<div class=\"e-con-inner\">\n\t\t<div class=\"elementor-element elementor-element-c426d83 e-con-full e-flex e-con e-child\" data-id=\"c426d83\" data-element_type=\"container\" data-settings=\"{&quot;ekit_has_onepagescroll_dot&quot;:&quot;yes&quot;}\">\n\t\t\t\t<div class=\"elementor-element elementor-element-41c7fa9 elementor-widget elementor-widget-heading\" data-id=\"41c7fa9\" data-element_type=\"widget\" data-settings=\"{&quot;ekit_we_effect_on&quot;:&quot;none&quot;}\" data-widget_type=\"heading.default\">\n\t\t\t\t<div class=\"elementor-widget-container\">\n\t\t\t\t\t<div class=\"elementor-heading-title elementor-size-default\">nossa hist\u00f3ria<\/div>\t\t\t\t<\/div>\n\t\t\t\t<\/div>\n\t\t\t\t<\/div>\n\t\t<div class=\"elementor-element elementor-element-837e614 e-con-full e-flex e-con e-child\" data-id=\"837e614\" data-element_type=\"container\" data-settings=\"{&quot;ekit_has_onepagescroll_dot&quot;:&quot;yes&quot;}\">\n\t\t\t\t<div class=\"elementor-element elementor-element-b2ae5be elementor-widget-divider--view-line elementor-widget elementor-widget-divider\" data-id=\"b2ae5be\" data-element_type=\"widget\" data-settings=\"{&quot;ekit_we_effect_on&quot;:&quot;none&quot;}\" data-widget_type=\"divider.default\">\n\t\t\t\t<div class=\"elementor-widget-container\">\n\t\t\t\t\t\t\t<div class=\"elementor-divider\">\n\t\t\t<span class=\"elementor-divider-separator\">\n\t\t\t\t\t\t<\/span>\n\t\t<\/div>\n\t\t\t\t\t\t<\/div>\n\t\t\t\t<\/div>\n\t\t\t\t<\/div>\n\t\t\t\t\t<\/div>\n\t\t\t\t<\/div>\n\t\t<div class=\"elementor-element elementor-element-3728428 e-flex e-con-boxed e-con e-parent\" data-id=\"3728428\" data-element_type=\"container\" data-settings=\"{&quot;ekit_has_onepagescroll_dot&quot;:&quot;yes&quot;}\">\n\t\t\t\t\t<div class=\"e-con-inner\">\n\t\t<div class=\"elementor-element elementor-element-2fa44bf e-con-full e-flex e-con e-child\" data-id=\"2fa44bf\" data-element_type=\"container\" data-settings=\"{&quot;ekit_has_onepagescroll_dot&quot;:&quot;yes&quot;}\">\n\t\t\t\t<div class=\"elementor-element elementor-element-bb95f66 elementor-widget elementor-widget-text-editor\" data-id=\"bb95f66\" data-element_type=\"widget\" data-settings=\"{&quot;ekit_we_effect_on&quot;:&quot;none&quot;}\" data-widget_type=\"text-editor.default\">\n\t\t\t\t<div class=\"elementor-widget-container\">\n\t\t\t\t\t\t\t\t\t<p>A SC Advogados nasceu de uma vis\u00e3o compartilhada entre os s\u00f3cios Kelly Cappellesso e Leonardo Socha: a vontade de redefinir o cen\u00e1rio jur\u00eddico e construir algo pr\u00f3prio, com liberdade e sem limites para o crescimento. A hist\u00f3ria do escrit\u00f3rio come\u00e7ou em 2011, impulsionada por anos de experi\u00eancia na advocacia e pelo desejo de criar um ambiente onde fosse poss\u00edvel crescer com prop\u00f3sito, consist\u00eancia e autonomia.<\/p>\t\t\t\t\t\t\t\t<\/div>\n\t\t\t\t<\/div>\n\t\t\t\t<div class=\"elementor-element elementor-element-ceca8ab elementor-widget elementor-widget-text-editor\" data-id=\"ceca8ab\" data-element_type=\"widget\" data-settings=\"{&quot;ekit_we_effect_on&quot;:&quot;none&quot;}\" data-widget_type=\"text-editor.default\">\n\t\t\t\t<div class=\"elementor-widget-container\">\n\t\t\t\t\t\t\t\t\t<p>A decis\u00e3o de fundar a SC surgiu no momento em que ambos entenderam que era hora de dar um passo al\u00e9m \u2014 de transformar em realidade tudo aquilo em que acreditavam sobre a pr\u00e1tica jur\u00eddica. Os primeiros anos trouxeram muitos desafios, mas a resili\u00eancia, somada ao compromisso genu\u00edno com cada cliente que confiou no escrit\u00f3rio, tornaram-se a base para seguir adiante.<\/p>\t\t\t\t\t\t\t\t<\/div>\n\t\t\t\t<\/div>\n\t\t<div class=\"elementor-element elementor-element-fe5a581 e-con-full e-flex e-con e-child\" data-id=\"fe5a581\" data-element_type=\"container\" data-settings=\"{&quot;background_background&quot;:&quot;classic&quot;,&quot;ekit_has_onepagescroll_dot&quot;:&quot;yes&quot;}\">\n\t\t\t\t<div class=\"elementor-element elementor-element-9dc21ce elementor-widget elementor-widget-text-editor\" data-id=\"9dc21ce\" data-element_type=\"widget\" data-settings=\"{&quot;ekit_we_effect_on&quot;:&quot;none&quot;}\" data-widget_type=\"text-editor.default\">\n\t\t\t\t<div class=\"elementor-widget-container\">\n\t\t\t\t\t\t\t\t\t<p>Um dos marcos mais importantes dessa trajet\u00f3ria foi a transi\u00e7\u00e3o de atua\u00e7\u00e3o como profissionais aut\u00f4nomos para a forma\u00e7\u00e3o de uma equipe s\u00f3lida. Com a expans\u00e3o do time e do espa\u00e7o f\u00edsico, a SC Advogados passou a oferecer uma gama mais ampla de servi\u00e7os e a impactar ainda mais pessoas, empresas e causas.<\/p>\t\t\t\t\t\t\t\t<\/div>\n\t\t\t\t<\/div>\n\t\t\t\t<\/div>\n\t\t\t\t<\/div>\n\t\t<div class=\"elementor-element elementor-element-ed16a7e e-con-full e-flex e-con e-child\" data-id=\"ed16a7e\" data-element_type=\"container\" data-settings=\"{&quot;ekit_has_onepagescroll_dot&quot;:&quot;yes&quot;}\">\n\t\t\t\t<div class=\"elementor-element elementor-element-81186cb elementor-widget elementor-widget-image\" data-id=\"81186cb\" data-element_type=\"widget\" data-settings=\"{&quot;ekit_we_effect_on&quot;:&quot;none&quot;}\" data-widget_type=\"image.default\">\n\t\t\t\t<div class=\"elementor-widget-container\">\n\t\t\t\t\t\t\t\t\t\t\t\t\t\t\t<img fetchpriority=\"high\" decoding=\"async\" width=\"1024\" height=\"682\" src=\"https:\/\/scadvogados.adv.br\/wp-content\/uploads\/2025\/12\/escri-1024x682.png\" class=\"attachment-large size-large wp-image-2428\" alt=\"\" srcset=\"https:\/\/scadvogados.adv.br\/wp-content\/uploads\/2025\/12\/escri-1024x682.png 1024w, https:\/\/scadvogados.adv.br\/wp-content\/uploads\/2025\/12\/escri-300x200.png 300w, https:\/\/scadvogados.adv.br\/wp-content\/uploads\/2025\/12\/escri-768x512.png 768w, https:\/\/scadvogados.adv.br\/wp-content\/uploads\/2025\/12\/escri-1000x666.png 1000w, https:\/\/scadvogados.adv.br\/wp-content\/uploads\/2025\/12\/escri-230x153.png 230w, https:\/\/scadvogados.adv.br\/wp-content\/uploads\/2025\/12\/escri-350x233.png 350w, https:\/\/scadvogados.adv.br\/wp-content\/uploads\/2025\/12\/escri-480x320.png 480w, https:\/\/scadvogados.adv.br\/wp-content\/uploads\/2025\/12\/escri.png 1246w\" sizes=\"(max-width: 1024px) 100vw, 1024px\" \/>\t\t\t\t\t\t\t\t\t\t\t\t\t\t\t<\/div>\n\t\t\t\t<\/div>\n\t\t\t\t<div class=\"elementor-element elementor-element-f7bbad0 elementor-widget elementor-widget-text-editor\" data-id=\"f7bbad0\" data-element_type=\"widget\" data-settings=\"{&quot;ekit_we_effect_on&quot;:&quot;none&quot;}\" data-widget_type=\"text-editor.default\">\n\t\t\t\t<div class=\"elementor-widget-container\">\n\t\t\t\t\t\t\t\t\t<p>Desde o in\u00edcio, o prop\u00f3sito foi claro: oferecer um servi\u00e7o jur\u00eddico de excel\u00eancia, com atendimento pr\u00f3ximo, humano e comprometido com a realidade de cada cliente. <br \/><br \/><strong>Acreditando que \u00e9 poss\u00edvel unir t\u00e9cnica e empatia, a SC segue construindo rela\u00e7\u00f5es pautadas em confian\u00e7a e resultados concretos.<\/strong><\/p>\t\t\t\t\t\t\t\t<\/div>\n\t\t\t\t<\/div>\n\t\t\t\t<\/div>\n\t\t\t\t\t<\/div>\n\t\t\t\t<\/div>\n\t\t<div class=\"elementor-element elementor-element-4634daa e-flex e-con-boxed e-con e-parent\" data-id=\"4634daa\" data-element_type=\"container\" data-settings=\"{&quot;background_background&quot;:&quot;classic&quot;,&quot;ekit_has_onepagescroll_dot&quot;:&quot;yes&quot;}\">\n\t\t\t\t\t<div class=\"e-con-inner\">\n\t\t<div class=\"elementor-element elementor-element-1466386 e-con-full e-flex e-con e-child\" data-id=\"1466386\" data-element_type=\"container\" data-settings=\"{&quot;ekit_has_onepagescroll_dot&quot;:&quot;yes&quot;}\">\n\t\t\t\t<div class=\"elementor-element elementor-element-9ddbdca elementor-widget elementor-widget-image\" data-id=\"9ddbdca\" data-element_type=\"widget\" data-settings=\"{&quot;ekit_we_effect_on&quot;:&quot;none&quot;}\" data-widget_type=\"image.default\">\n\t\t\t\t<div class=\"elementor-widget-container\">\n\t\t\t\t\t\t\t\t\t\t\t\t\t\t\t<img decoding=\"async\" width=\"1024\" height=\"736\" src=\"https:\/\/scadvogados.adv.br\/wp-content\/uploads\/2026\/01\/equipe_SC-1024x736.png\" class=\"attachment-large size-large wp-image-2537\" alt=\"\" srcset=\"https:\/\/scadvogados.adv.br\/wp-content\/uploads\/2026\/01\/equipe_SC-1024x736.png 1024w, https:\/\/scadvogados.adv.br\/wp-content\/uploads\/2026\/01\/equipe_SC-300x216.png 300w, https:\/\/scadvogados.adv.br\/wp-content\/uploads\/2026\/01\/equipe_SC-768x552.png 768w, https:\/\/scadvogados.adv.br\/wp-content\/uploads\/2026\/01\/equipe_SC-1000x719.png 1000w, https:\/\/scadvogados.adv.br\/wp-content\/uploads\/2026\/01\/equipe_SC-230x165.png 230w, https:\/\/scadvogados.adv.br\/wp-content\/uploads\/2026\/01\/equipe_SC-350x252.png 350w, https:\/\/scadvogados.adv.br\/wp-content\/uploads\/2026\/01\/equipe_SC-480x345.png 480w, https:\/\/scadvogados.adv.br\/wp-content\/uploads\/2026\/01\/equipe_SC.png 1300w\" sizes=\"(max-width: 1024px) 100vw, 1024px\" \/>\t\t\t\t\t\t\t\t\t\t\t\t\t\t\t<\/div>\n\t\t\t\t<\/div>\n\t\t\t\t<\/div>\n\t\t<div class=\"elementor-element elementor-element-5613e20 e-con-full e-flex e-con e-child\" data-id=\"5613e20\" data-element_type=\"container\" data-settings=\"{&quot;ekit_has_onepagescroll_dot&quot;:&quot;yes&quot;}\">\n\t\t\t\t<div class=\"elementor-element elementor-element-7f9aa9e elementor-widget elementor-widget-text-editor\" data-id=\"7f9aa9e\" data-element_type=\"widget\" data-settings=\"{&quot;ekit_we_effect_on&quot;:&quot;none&quot;}\" data-widget_type=\"text-editor.default\">\n\t\t\t\t<div class=\"elementor-widget-container\">\n\t\t\t\t\t\t\t\t\t<p>Mais do que uma sociedade de advogados, a SC Advogados representa uma parceria constru\u00edda sobre valores s\u00f3lidos \u2014 confian\u00e7a, supera\u00e7\u00e3o e compromisso cont\u00ednuo com a excel\u00eancia. O escrit\u00f3rio segue em constante evolu\u00e7\u00e3o, com os olhos voltados para o futuro e a dedica\u00e7\u00e3o firme ao sucesso daqueles que escolhem caminhar ao seu lado.<\/p>\t\t\t\t\t\t\t\t<\/div>\n\t\t\t\t<\/div>\n\t\t\t\t<div class=\"elementor-element elementor-element-f337ed4 elementor-mobile-align-center elementor-widget elementor-widget-button\" data-id=\"f337ed4\" data-element_type=\"widget\" data-settings=\"{&quot;ekit_we_effect_on&quot;:&quot;none&quot;}\" data-widget_type=\"button.default\">\n\t\t\t\t<div class=\"elementor-widget-container\">\n\t\t\t\t\t\t\t\t\t<div class=\"elementor-button-wrapper\">\n\t\t\t\t\t<a class=\"elementor-button elementor-button-link elementor-size-sm\" href=\"https:\/\/scadvogados.adv.br\/index.php\/profissionais\/\">\n\t\t\t\t\t\t<span class=\"elementor-button-content-wrapper\">\n\t\t\t\t\t\t<span class=\"elementor-button-icon\">\n\t\t\t\t<i aria-hidden=\"true\" class=\"icon icon-right-arrow\"><\/i>\t\t\t<\/span>\n\t\t\t\t\t\t\t\t\t<span class=\"elementor-button-text\">Conhe\u00e7a nossa equipe<\/span>\n\t\t\t\t\t<\/span>\n\t\t\t\t\t<\/a>\n\t\t\t\t<\/div>\n\t\t\t\t\t\t\t\t<\/div>\n\t\t\t\t<\/div>\n\t\t\t\t<\/div>\n\t\t\t\t\t<\/div>\n\t\t\t\t<\/div>\n\t\t\t\t<\/div>\n\t\t","protected":false},"excerpt":{"rendered":"<p>nossa hist\u00f3ria A SC Advogados nasceu de uma vis\u00e3o compartilhada entre os s\u00f3cios Kelly Cappellesso e Leonardo Socha: a vontade de redefinir [&hellip;]<\/p>\n","protected":false},"author":1,"featured_media":0,"parent":0,"menu_order":0,"comment_status":"closed","ping_status":"closed","template":"elementor_header_footer","meta":{"footnotes":""},"class_list":["post-1377","page","type-page","status-publish","hentry"],"_links":{"self":[{"href":"https:\/\/scadvogados.adv.br\/index.php\/wp-json\/wp\/v2\/pages\/1377","targetHints":{"allow":["GET"]}}],"collection":[{"href":"https:\/\/scadvogados.adv.br\/index.php\/wp-json\/wp\/v2\/pages"}],"about":[{"href":"https:\/\/scadvogados.adv.br\/index.php\/wp-json\/wp\/v2\/types\/page"}],"author":[{"embeddable":true,"href":"https:\/\/scadvogados.adv.br\/index.php\/wp-json\/wp\/v2\/users\/1"}],"replies":[{"embeddable":true,"href":"https:\/\/scadvogados.adv.br\/index.php\/wp-json\/wp\/v2\/comments?post=1377"}],"version-history":[{"count":208,"href":"https:\/\/scadvogados.adv.br\/index.php\/wp-json\/wp\/v2\/pages\/1377\/revisions"}],"predecessor-version":[{"id":2540,"href":"https:\/\/scadvogados.adv.br\/index.php\/wp-json\/wp\/v2\/pages\/1377\/revisions\/2540"}],"wp:attachment":[{"href":"https:\/\/scadvogados.adv.br\/index.php\/wp-json\/wp\/v2\/media?parent=1377"}],"curies":[{"name":"wp","href":"https:\/\/api.w.org\/{rel}","templated":true}]}}