{"id":1540,"date":"2025-03-24T12:14:33","date_gmt":"2025-03-24T12:14:33","guid":{"rendered":"https:\/\/scadvogados.adv.br\/?page_id=1540"},"modified":"2025-05-21T20:03:48","modified_gmt":"2025-05-21T20:03:48","slug":"assessoria-trabalhista","status":"publish","type":"page","link":"https:\/\/scadvogados.adv.br\/index.php\/assessoria-trabalhista\/","title":{"rendered":"Assessoria Trabalhista"},"content":{"rendered":"\t\t<div data-elementor-type=\"wp-page\" data-elementor-id=\"1540\" class=\"elementor elementor-1540\" data-elementor-post-type=\"page\">\n\t\t\t\t<div class=\"elementor-element elementor-element-42c96df e-flex e-con-boxed e-con e-parent\" data-id=\"42c96df\" data-element_type=\"container\" data-settings=\"{&quot;background_background&quot;:&quot;classic&quot;,&quot;ekit_has_onepagescroll_dot&quot;:&quot;yes&quot;}\">\n\t\t\t\t\t<div class=\"e-con-inner\">\n\t\t<div class=\"elementor-element elementor-element-40b7d8b e-con-full e-flex e-con e-child\" data-id=\"40b7d8b\" data-element_type=\"container\" data-settings=\"{&quot;ekit_has_onepagescroll_dot&quot;:&quot;yes&quot;}\">\n\t\t\t\t<div class=\"elementor-element elementor-element-e4bcffc elementor-widget elementor-widget-heading\" data-id=\"e4bcffc\" data-element_type=\"widget\" data-settings=\"{&quot;ekit_we_effect_on&quot;:&quot;none&quot;}\" data-widget_type=\"heading.default\">\n\t\t\t\t<div class=\"elementor-widget-container\">\n\t\t\t\t\t<div class=\"elementor-heading-title elementor-size-default\">\u00c1rea de Atua\u00e7\u00e3o<\/div>\t\t\t\t<\/div>\n\t\t\t\t<\/div>\n\t\t\t\t<\/div>\n\t\t<div class=\"elementor-element elementor-element-20ac110 e-con-full e-flex e-con e-child\" data-id=\"20ac110\" data-element_type=\"container\" data-settings=\"{&quot;ekit_has_onepagescroll_dot&quot;:&quot;yes&quot;}\">\n\t\t\t\t<div class=\"elementor-element elementor-element-d47c102 elementor-widget-divider--view-line elementor-widget elementor-widget-divider\" data-id=\"d47c102\" data-element_type=\"widget\" data-settings=\"{&quot;ekit_we_effect_on&quot;:&quot;none&quot;}\" data-widget_type=\"divider.default\">\n\t\t\t\t<div class=\"elementor-widget-container\">\n\t\t\t\t\t\t\t<div class=\"elementor-divider\">\n\t\t\t<span class=\"elementor-divider-separator\">\n\t\t\t\t\t\t<\/span>\n\t\t<\/div>\n\t\t\t\t\t\t<\/div>\n\t\t\t\t<\/div>\n\t\t\t\t<\/div>\n\t\t\t\t\t<\/div>\n\t\t\t\t<\/div>\n\t\t<div class=\"elementor-element elementor-element-4398383 e-flex e-con-boxed e-con e-parent\" data-id=\"4398383\" data-element_type=\"container\" data-settings=\"{&quot;ekit_has_onepagescroll_dot&quot;:&quot;yes&quot;}\">\n\t\t\t\t\t<div class=\"e-con-inner\">\n\t\t\t\t<div class=\"elementor-element elementor-element-bb1a4ee elementor-align-left elementor-widget elementor-widget-button\" data-id=\"bb1a4ee\" data-element_type=\"widget\" data-settings=\"{&quot;ekit_we_effect_on&quot;:&quot;none&quot;}\" data-widget_type=\"button.default\">\n\t\t\t\t<div class=\"elementor-widget-container\">\n\t\t\t\t\t\t\t\t\t<div class=\"elementor-button-wrapper\">\n\t\t\t\t\t<a class=\"elementor-button elementor-button-link elementor-size-sm\" href=\"https:\/\/scadvogados.adv.br\/index.php\/area-de-atuacao\/\">\n\t\t\t\t\t\t<span class=\"elementor-button-content-wrapper\">\n\t\t\t\t\t\t<span class=\"elementor-button-icon\">\n\t\t\t\t<i aria-hidden=\"true\" class=\"icon icon-left-arrow\"><\/i>\t\t\t<\/span>\n\t\t\t\t\t\t\t\t<\/span>\n\t\t\t\t\t<\/a>\n\t\t\t\t<\/div>\n\t\t\t\t\t\t\t\t<\/div>\n\t\t\t\t<\/div>\n\t\t\t\t\t<\/div>\n\t\t\t\t<\/div>\n\t\t<div class=\"elementor-element elementor-element-5fc8ee4 e-flex e-con-boxed e-con e-parent\" data-id=\"5fc8ee4\" data-element_type=\"container\" data-settings=\"{&quot;ekit_has_onepagescroll_dot&quot;:&quot;yes&quot;}\">\n\t\t\t\t\t<div class=\"e-con-inner\">\n\t\t<div class=\"elementor-element elementor-element-558fcfc e-con-full e-flex e-con e-child\" data-id=\"558fcfc\" data-element_type=\"container\" data-settings=\"{&quot;ekit_has_onepagescroll_dot&quot;:&quot;yes&quot;}\">\n\t\t\t\t<div class=\"elementor-element elementor-element-537940b elementor-widget elementor-widget-heading\" data-id=\"537940b\" data-element_type=\"widget\" data-settings=\"{&quot;ekit_we_effect_on&quot;:&quot;none&quot;}\" data-widget_type=\"heading.default\">\n\t\t\t\t<div class=\"elementor-widget-container\">\n\t\t\t\t\t<div class=\"elementor-heading-title elementor-size-default\">Assessoria Trabalhista<\/div>\t\t\t\t<\/div>\n\t\t\t\t<\/div>\n\t\t\t\t<div class=\"elementor-element elementor-element-bb99e77 elementor-widget elementor-widget-text-editor\" data-id=\"bb99e77\" data-element_type=\"widget\" data-settings=\"{&quot;ekit_we_effect_on&quot;:&quot;none&quot;}\" data-widget_type=\"text-editor.default\">\n\t\t\t\t<div class=\"elementor-widget-container\">\n\t\t\t\t\t\t\t\t\t<p>A \u00e1rea trabalhista \u00e9 um dos pilares da nossa atua\u00e7\u00e3o. <strong>Com ampla experi\u00eancia, tanto pr\u00e1tica quanto t\u00e9cnica<\/strong>, oferecemos assessoria completa para empresas com foco em preven\u00e7\u00e3o de passivos e condu\u00e7\u00e3o estrat\u00e9gica de demandas judiciais<\/p>\t\t\t\t\t\t\t\t<\/div>\n\t\t\t\t<\/div>\n\t\t\t\t<div class=\"elementor-element elementor-element-7f46560 elementor-widget elementor-widget-text-editor\" data-id=\"7f46560\" data-element_type=\"widget\" data-settings=\"{&quot;ekit_we_effect_on&quot;:&quot;none&quot;}\" data-widget_type=\"text-editor.default\">\n\t\t\t\t<div class=\"elementor-widget-container\">\n\t\t\t\t\t\t\t\t\t<p>Nosso trabalho come\u00e7a dentro da empresa: analisamos rotinas de RH, contratos, controle de jornada, pol\u00edticas internas e demais pontos sens\u00edveis \u00e0s rela\u00e7\u00f5es de trabalho. Atuamos de forma preventiva, minimizando riscos e construindo ambientes juridicamente seguros, em conformidade com a legisla\u00e7\u00e3o vigente.<\/p>\t\t\t\t\t\t\t\t<\/div>\n\t\t\t\t<\/div>\n\t\t\t\t<div class=\"elementor-element elementor-element-26add94 elementor-widget elementor-widget-text-editor\" data-id=\"26add94\" data-element_type=\"widget\" data-settings=\"{&quot;ekit_we_effect_on&quot;:&quot;none&quot;}\" data-widget_type=\"text-editor.default\">\n\t\t\t\t<div class=\"elementor-widget-container\">\n\t\t\t\t\t\t\t\t\t<p>Quando o conflito se estabelece, <strong>atuamos no contencioso com firmeza e profundidade<\/strong>, defendendo os interesses do cliente com \u00e9tica, estrat\u00e9gia e clareza. Nosso compromisso \u00e9 com uma advocacia trabalhista moderna, que compreende as transforma\u00e7\u00f5es do mundo do trabalho e prop\u00f5e solu\u00e7\u00f5es atualizadas e eficazes.<\/p>\t\t\t\t\t\t\t\t<\/div>\n\t\t\t\t<\/div>\n\t\t\t\t<\/div>\n\t\t\t\t\t<\/div>\n\t\t\t\t<\/div>\n\t\t\t\t<\/div>\n\t\t","protected":false},"excerpt":{"rendered":"<p>\u00c1rea de Atua\u00e7\u00e3o Assessoria Trabalhista A \u00e1rea trabalhista \u00e9 um dos pilares da nossa atua\u00e7\u00e3o. Com ampla experi\u00eancia, tanto pr\u00e1tica quanto t\u00e9cnica, [&hellip;]<\/p>\n","protected":false},"author":1,"featured_media":0,"parent":0,"menu_order":0,"comment_status":"closed","ping_status":"closed","template":"elementor_header_footer","meta":{"footnotes":""},"class_list":["post-1540","page","type-page","status-publish","hentry"],"_links":{"self":[{"href":"https:\/\/scadvogados.adv.br\/index.php\/wp-json\/wp\/v2\/pages\/1540","targetHints":{"allow":["GET"]}}],"collection":[{"href":"https:\/\/scadvogados.adv.br\/index.php\/wp-json\/wp\/v2\/pages"}],"about":[{"href":"https:\/\/scadvogados.adv.br\/index.php\/wp-json\/wp\/v2\/types\/page"}],"author":[{"embeddable":true,"href":"https:\/\/scadvogados.adv.br\/index.php\/wp-json\/wp\/v2\/users\/1"}],"replies":[{"embeddable":true,"href":"https:\/\/scadvogados.adv.br\/index.php\/wp-json\/wp\/v2\/comments?post=1540"}],"version-history":[{"count":19,"href":"https:\/\/scadvogados.adv.br\/index.php\/wp-json\/wp\/v2\/pages\/1540\/revisions"}],"predecessor-version":[{"id":2258,"href":"https:\/\/scadvogados.adv.br\/index.php\/wp-json\/wp\/v2\/pages\/1540\/revisions\/2258"}],"wp:attachment":[{"href":"https:\/\/scadvogados.adv.br\/index.php\/wp-json\/wp\/v2\/media?parent=1540"}],"curies":[{"name":"wp","href":"https:\/\/api.w.org\/{rel}","templated":true}]}}