{"id":1544,"date":"2025-03-24T12:16:49","date_gmt":"2025-03-24T12:16:49","guid":{"rendered":"https:\/\/scadvogados.adv.br\/?page_id=1544"},"modified":"2025-05-21T19:57:50","modified_gmt":"2025-05-21T19:57:50","slug":"contencioso-e-preventivo","status":"publish","type":"page","link":"https:\/\/scadvogados.adv.br\/index.php\/contencioso-e-preventivo\/","title":{"rendered":"Contencioso e Preventivo"},"content":{"rendered":"\t\t<div data-elementor-type=\"wp-page\" data-elementor-id=\"1544\" class=\"elementor elementor-1544\" data-elementor-post-type=\"page\">\n\t\t\t\t<div class=\"elementor-element elementor-element-586792b e-flex e-con-boxed e-con e-parent\" data-id=\"586792b\" data-element_type=\"container\" data-settings=\"{&quot;background_background&quot;:&quot;classic&quot;,&quot;ekit_has_onepagescroll_dot&quot;:&quot;yes&quot;}\">\n\t\t\t\t\t<div class=\"e-con-inner\">\n\t\t<div class=\"elementor-element elementor-element-183c981 e-con-full e-flex e-con e-child\" data-id=\"183c981\" data-element_type=\"container\" data-settings=\"{&quot;ekit_has_onepagescroll_dot&quot;:&quot;yes&quot;}\">\n\t\t\t\t<div class=\"elementor-element elementor-element-3bae78f elementor-widget elementor-widget-heading\" data-id=\"3bae78f\" data-element_type=\"widget\" data-settings=\"{&quot;ekit_we_effect_on&quot;:&quot;none&quot;}\" data-widget_type=\"heading.default\">\n\t\t\t\t<div class=\"elementor-widget-container\">\n\t\t\t\t\t<div class=\"elementor-heading-title elementor-size-default\">\u00c1rea de Atua\u00e7\u00e3o<\/div>\t\t\t\t<\/div>\n\t\t\t\t<\/div>\n\t\t\t\t<\/div>\n\t\t<div class=\"elementor-element elementor-element-c17e4fc e-con-full e-flex e-con e-child\" data-id=\"c17e4fc\" data-element_type=\"container\" data-settings=\"{&quot;ekit_has_onepagescroll_dot&quot;:&quot;yes&quot;}\">\n\t\t\t\t<div class=\"elementor-element elementor-element-3163359 elementor-widget-divider--view-line elementor-widget elementor-widget-divider\" data-id=\"3163359\" data-element_type=\"widget\" data-settings=\"{&quot;ekit_we_effect_on&quot;:&quot;none&quot;}\" data-widget_type=\"divider.default\">\n\t\t\t\t<div class=\"elementor-widget-container\">\n\t\t\t\t\t\t\t<div class=\"elementor-divider\">\n\t\t\t<span class=\"elementor-divider-separator\">\n\t\t\t\t\t\t<\/span>\n\t\t<\/div>\n\t\t\t\t\t\t<\/div>\n\t\t\t\t<\/div>\n\t\t\t\t<\/div>\n\t\t\t\t\t<\/div>\n\t\t\t\t<\/div>\n\t\t<div class=\"elementor-element elementor-element-a9d4d4b e-flex e-con-boxed e-con e-parent\" data-id=\"a9d4d4b\" data-element_type=\"container\" data-settings=\"{&quot;ekit_has_onepagescroll_dot&quot;:&quot;yes&quot;}\">\n\t\t\t\t\t<div class=\"e-con-inner\">\n\t\t\t\t<div class=\"elementor-element elementor-element-d1e6ac8 elementor-align-left elementor-widget elementor-widget-button\" data-id=\"d1e6ac8\" data-element_type=\"widget\" data-settings=\"{&quot;ekit_we_effect_on&quot;:&quot;none&quot;}\" data-widget_type=\"button.default\">\n\t\t\t\t<div class=\"elementor-widget-container\">\n\t\t\t\t\t\t\t\t\t<div class=\"elementor-button-wrapper\">\n\t\t\t\t\t<a class=\"elementor-button elementor-button-link elementor-size-sm\" href=\"https:\/\/scadvogados.adv.br\/index.php\/area-de-atuacao\/\">\n\t\t\t\t\t\t<span class=\"elementor-button-content-wrapper\">\n\t\t\t\t\t\t<span class=\"elementor-button-icon\">\n\t\t\t\t<i aria-hidden=\"true\" class=\"icon icon-left-arrow\"><\/i>\t\t\t<\/span>\n\t\t\t\t\t\t\t\t<\/span>\n\t\t\t\t\t<\/a>\n\t\t\t\t<\/div>\n\t\t\t\t\t\t\t\t<\/div>\n\t\t\t\t<\/div>\n\t\t\t\t\t<\/div>\n\t\t\t\t<\/div>\n\t\t<div class=\"elementor-element elementor-element-8f1b2a8 e-flex e-con-boxed e-con e-parent\" data-id=\"8f1b2a8\" data-element_type=\"container\" data-settings=\"{&quot;ekit_has_onepagescroll_dot&quot;:&quot;yes&quot;}\">\n\t\t\t\t\t<div class=\"e-con-inner\">\n\t\t<div class=\"elementor-element elementor-element-d109233 e-con-full e-flex e-con e-child\" data-id=\"d109233\" data-element_type=\"container\" data-settings=\"{&quot;ekit_has_onepagescroll_dot&quot;:&quot;yes&quot;}\">\n\t\t\t\t<div class=\"elementor-element elementor-element-6197787 elementor-widget elementor-widget-heading\" data-id=\"6197787\" data-element_type=\"widget\" data-settings=\"{&quot;ekit_we_effect_on&quot;:&quot;none&quot;}\" data-widget_type=\"heading.default\">\n\t\t\t\t<div class=\"elementor-widget-container\">\n\t\t\t\t\t<div class=\"elementor-heading-title elementor-size-default\">Contencioso e Preventivo<\/div>\t\t\t\t<\/div>\n\t\t\t\t<\/div>\n\t\t\t\t<div class=\"elementor-element elementor-element-3962931 elementor-widget elementor-widget-text-editor\" data-id=\"3962931\" data-element_type=\"widget\" data-settings=\"{&quot;ekit_we_effect_on&quot;:&quot;none&quot;}\" data-widget_type=\"text-editor.default\">\n\t\t\t\t<div class=\"elementor-widget-container\">\n\t\t\t\t\t\t\t\t\t<p>Nossa atua\u00e7\u00e3o no contencioso e na consultoria preventiva \u00e9 guiada pela <strong>estrat\u00e9gia<\/strong>, pela <strong>antecipa\u00e7\u00e3o de riscos<\/strong> e pela busca de <strong>solu\u00e7\u00f5es duradouras<\/strong>. Atuamos em lit\u00edgios c\u00edveis, empresariais e trabalhistas, conduzindo processos com aten\u00e7\u00e3o aos detalhes e foco em resultados.<\/p>\t\t\t\t\t\t\t\t<\/div>\n\t\t\t\t<\/div>\n\t\t\t\t<div class=\"elementor-element elementor-element-97c09d9 elementor-widget elementor-widget-text-editor\" data-id=\"97c09d9\" data-element_type=\"widget\" data-settings=\"{&quot;ekit_we_effect_on&quot;:&quot;none&quot;}\" data-widget_type=\"text-editor.default\">\n\t\t\t\t<div class=\"elementor-widget-container\">\n\t\t\t\t\t\t\t\t\t<p>Mais do que reagir, preferimos agir antes que o problema aconte\u00e7a. Por isso, oferecemos consultoria preventiva cont\u00ednua, mapeando vulnerabilidades e orientando nossos clientes para que tomem decis\u00f5es juridicamente seguras. A preven\u00e7\u00e3o, quando bem feita, evita preju\u00edzos financeiros, desgastes emocionais e exposi\u00e7\u00e3o da imagem.<\/p>\t\t\t\t\t\t\t\t<\/div>\n\t\t\t\t<\/div>\n\t\t\t\t<\/div>\n\t\t<div class=\"elementor-element elementor-element-e341fe9 e-con-full e-flex e-con e-child\" data-id=\"e341fe9\" data-element_type=\"container\" data-settings=\"{&quot;ekit_has_onepagescroll_dot&quot;:&quot;yes&quot;}\">\n\t\t\t\t<div class=\"elementor-element elementor-element-6ba7c43 elementor-widget elementor-widget-text-editor\" data-id=\"6ba7c43\" data-element_type=\"widget\" data-settings=\"{&quot;ekit_we_effect_on&quot;:&quot;none&quot;}\" data-widget_type=\"text-editor.default\">\n\t\t\t\t<div class=\"elementor-widget-container\">\n\t\t\t\t\t\t\t\t\t<p>No contencioso, adotamos uma postura firme, t\u00e9cnica e estrat\u00e9gica.<strong> Analisamos cada caso de forma personalizada, avaliando riscos, oportunidades e cen\u00e1rios, sempre buscando a solu\u00e7\u00e3o mais vantajosa<\/strong> \u2014 seja pela via judicial, seja por acordos bem estruturados.<\/p>\t\t\t\t\t\t\t\t<\/div>\n\t\t\t\t<\/div>\n\t\t\t\t<\/div>\n\t\t<div class=\"elementor-element elementor-element-363a8f7 e-con-full e-flex e-con e-child\" data-id=\"363a8f7\" data-element_type=\"container\" data-settings=\"{&quot;ekit_has_onepagescroll_dot&quot;:&quot;yes&quot;}\">\n\t\t\t\t<\/div>\n\t\t<div class=\"elementor-element elementor-element-0a0978a e-con-full e-flex e-con e-child\" data-id=\"0a0978a\" data-element_type=\"container\" data-settings=\"{&quot;ekit_has_onepagescroll_dot&quot;:&quot;yes&quot;}\">\n\t\t\t\t<\/div>\n\t\t\t\t\t<\/div>\n\t\t\t\t<\/div>\n\t\t\t\t<\/div>\n\t\t","protected":false},"excerpt":{"rendered":"<p>\u00c1rea de Atua\u00e7\u00e3o Contencioso e Preventivo Nossa atua\u00e7\u00e3o no contencioso e na consultoria preventiva \u00e9 guiada pela estrat\u00e9gia, pela antecipa\u00e7\u00e3o de riscos [&hellip;]<\/p>\n","protected":false},"author":1,"featured_media":0,"parent":0,"menu_order":0,"comment_status":"closed","ping_status":"closed","template":"elementor_header_footer","meta":{"footnotes":""},"class_list":["post-1544","page","type-page","status-publish","hentry"],"_links":{"self":[{"href":"https:\/\/scadvogados.adv.br\/index.php\/wp-json\/wp\/v2\/pages\/1544","targetHints":{"allow":["GET"]}}],"collection":[{"href":"https:\/\/scadvogados.adv.br\/index.php\/wp-json\/wp\/v2\/pages"}],"about":[{"href":"https:\/\/scadvogados.adv.br\/index.php\/wp-json\/wp\/v2\/types\/page"}],"author":[{"embeddable":true,"href":"https:\/\/scadvogados.adv.br\/index.php\/wp-json\/wp\/v2\/users\/1"}],"replies":[{"embeddable":true,"href":"https:\/\/scadvogados.adv.br\/index.php\/wp-json\/wp\/v2\/comments?post=1544"}],"version-history":[{"count":7,"href":"https:\/\/scadvogados.adv.br\/index.php\/wp-json\/wp\/v2\/pages\/1544\/revisions"}],"predecessor-version":[{"id":2255,"href":"https:\/\/scadvogados.adv.br\/index.php\/wp-json\/wp\/v2\/pages\/1544\/revisions\/2255"}],"wp:attachment":[{"href":"https:\/\/scadvogados.adv.br\/index.php\/wp-json\/wp\/v2\/media?parent=1544"}],"curies":[{"name":"wp","href":"https:\/\/api.w.org\/{rel}","templated":true}]}}