{"id":1552,"date":"2025-03-24T12:18:55","date_gmt":"2025-03-24T12:18:55","guid":{"rendered":"https:\/\/scadvogados.adv.br\/?page_id=1552"},"modified":"2025-05-21T20:50:30","modified_gmt":"2025-05-21T20:50:30","slug":"societario","status":"publish","type":"page","link":"https:\/\/scadvogados.adv.br\/index.php\/societario\/","title":{"rendered":"Societ\u00e1rio"},"content":{"rendered":"\t\t<div data-elementor-type=\"wp-page\" data-elementor-id=\"1552\" class=\"elementor elementor-1552\" data-elementor-post-type=\"page\">\n\t\t\t\t<div class=\"elementor-element elementor-element-0e79fbe e-flex e-con-boxed e-con e-parent\" data-id=\"0e79fbe\" data-element_type=\"container\" data-settings=\"{&quot;background_background&quot;:&quot;classic&quot;,&quot;ekit_has_onepagescroll_dot&quot;:&quot;yes&quot;}\">\n\t\t\t\t\t<div class=\"e-con-inner\">\n\t\t<div class=\"elementor-element elementor-element-8828fdf e-con-full e-flex e-con e-child\" data-id=\"8828fdf\" data-element_type=\"container\" data-settings=\"{&quot;ekit_has_onepagescroll_dot&quot;:&quot;yes&quot;}\">\n\t\t\t\t<div class=\"elementor-element elementor-element-f54aa8e elementor-widget elementor-widget-heading\" data-id=\"f54aa8e\" data-element_type=\"widget\" data-settings=\"{&quot;ekit_we_effect_on&quot;:&quot;none&quot;}\" data-widget_type=\"heading.default\">\n\t\t\t\t<div class=\"elementor-widget-container\">\n\t\t\t\t\t<div class=\"elementor-heading-title elementor-size-default\">\u00c1rea de Atua\u00e7\u00e3o<\/div>\t\t\t\t<\/div>\n\t\t\t\t<\/div>\n\t\t\t\t<\/div>\n\t\t<div class=\"elementor-element elementor-element-5f494c4 e-con-full e-flex e-con e-child\" data-id=\"5f494c4\" data-element_type=\"container\" data-settings=\"{&quot;ekit_has_onepagescroll_dot&quot;:&quot;yes&quot;}\">\n\t\t\t\t<div class=\"elementor-element elementor-element-2d577f0 elementor-widget-divider--view-line elementor-widget elementor-widget-divider\" data-id=\"2d577f0\" data-element_type=\"widget\" data-settings=\"{&quot;ekit_we_effect_on&quot;:&quot;none&quot;}\" data-widget_type=\"divider.default\">\n\t\t\t\t<div class=\"elementor-widget-container\">\n\t\t\t\t\t\t\t<div class=\"elementor-divider\">\n\t\t\t<span class=\"elementor-divider-separator\">\n\t\t\t\t\t\t<\/span>\n\t\t<\/div>\n\t\t\t\t\t\t<\/div>\n\t\t\t\t<\/div>\n\t\t\t\t<\/div>\n\t\t\t\t\t<\/div>\n\t\t\t\t<\/div>\n\t\t<div class=\"elementor-element elementor-element-aae70a8 e-flex e-con-boxed e-con e-parent\" data-id=\"aae70a8\" data-element_type=\"container\" data-settings=\"{&quot;ekit_has_onepagescroll_dot&quot;:&quot;yes&quot;}\">\n\t\t\t\t\t<div class=\"e-con-inner\">\n\t\t\t\t<div class=\"elementor-element elementor-element-4bf8744 elementor-align-left elementor-widget elementor-widget-button\" data-id=\"4bf8744\" data-element_type=\"widget\" data-settings=\"{&quot;ekit_we_effect_on&quot;:&quot;none&quot;}\" data-widget_type=\"button.default\">\n\t\t\t\t<div class=\"elementor-widget-container\">\n\t\t\t\t\t\t\t\t\t<div class=\"elementor-button-wrapper\">\n\t\t\t\t\t<a class=\"elementor-button elementor-button-link elementor-size-sm\" href=\"https:\/\/scadvogados.adv.br\/index.php\/area-de-atuacao\/\">\n\t\t\t\t\t\t<span class=\"elementor-button-content-wrapper\">\n\t\t\t\t\t\t<span class=\"elementor-button-icon\">\n\t\t\t\t<i aria-hidden=\"true\" class=\"icon icon-left-arrow\"><\/i>\t\t\t<\/span>\n\t\t\t\t\t\t\t\t<\/span>\n\t\t\t\t\t<\/a>\n\t\t\t\t<\/div>\n\t\t\t\t\t\t\t\t<\/div>\n\t\t\t\t<\/div>\n\t\t\t\t\t<\/div>\n\t\t\t\t<\/div>\n\t\t<div class=\"elementor-element elementor-element-5224551 e-flex e-con-boxed e-con e-parent\" data-id=\"5224551\" data-element_type=\"container\" data-settings=\"{&quot;ekit_has_onepagescroll_dot&quot;:&quot;yes&quot;}\">\n\t\t\t\t\t<div class=\"e-con-inner\">\n\t\t<div class=\"elementor-element elementor-element-257b6cc e-con-full e-flex e-con e-child\" data-id=\"257b6cc\" data-element_type=\"container\" data-settings=\"{&quot;ekit_has_onepagescroll_dot&quot;:&quot;yes&quot;}\">\n\t\t\t\t<div class=\"elementor-element elementor-element-cb928d7 elementor-widget elementor-widget-heading\" data-id=\"cb928d7\" data-element_type=\"widget\" data-settings=\"{&quot;ekit_we_effect_on&quot;:&quot;none&quot;}\" data-widget_type=\"heading.default\">\n\t\t\t\t<div class=\"elementor-widget-container\">\n\t\t\t\t\t<div class=\"elementor-heading-title elementor-size-default\">Direito Societ\u00e1rio<\/div>\t\t\t\t<\/div>\n\t\t\t\t<\/div>\n\t\t\t\t<div class=\"elementor-element elementor-element-cef3e21 elementor-widget elementor-widget-text-editor\" data-id=\"cef3e21\" data-element_type=\"widget\" data-settings=\"{&quot;ekit_we_effect_on&quot;:&quot;none&quot;}\" data-widget_type=\"text-editor.default\">\n\t\t\t\t<div class=\"elementor-widget-container\">\n\t\t\t\t\t\t\t\t\t<p>Nossa atua\u00e7\u00e3o em Direito Societ\u00e1rio \u00e9 voltada a empresas que buscam estrutura\u00e7\u00e3o jur\u00eddica s\u00f3lida, seguran\u00e7a nas rela\u00e7\u00f5es entre s\u00f3cios e apoio em decis\u00f5es estrat\u00e9gicas. Acompanhamos desde a constitui\u00e7\u00e3o da empresa at\u00e9 reorganiza\u00e7\u00f5es societ\u00e1rias, altera\u00e7\u00f5es contratuais e dissolu\u00e7\u00f5es<\/p>\t\t\t\t\t\t\t\t<\/div>\n\t\t\t\t<\/div>\n\t\t\t\t<div class=\"elementor-element elementor-element-a1ed778 elementor-widget elementor-widget-text-editor\" data-id=\"a1ed778\" data-element_type=\"widget\" data-settings=\"{&quot;ekit_we_effect_on&quot;:&quot;none&quot;}\" data-widget_type=\"text-editor.default\">\n\t\t\t\t<div class=\"elementor-widget-container\">\n\t\t\t\t\t\t\t\t\t<p>Entendemos que uma boa estrutura societ\u00e1ria \u00e9 essencial para o crescimento saud\u00e1vel do neg\u00f3cio. Por isso, oferecemos assessoria na elabora\u00e7\u00e3o de contratos sociais, acordos de s\u00f3cios, protocolos de governan\u00e7a e planejamento sucess\u00f3rio. Tudo com linguagem acess\u00edvel e vis\u00e3o pr\u00e1tica.<\/p>\t\t\t\t\t\t\t\t<\/div>\n\t\t\t\t<\/div>\n\t\t\t\t<\/div>\n\t\t<div class=\"elementor-element elementor-element-b94ffba e-con-full e-flex e-con e-child\" data-id=\"b94ffba\" data-element_type=\"container\" data-settings=\"{&quot;ekit_has_onepagescroll_dot&quot;:&quot;yes&quot;}\">\n\t\t\t\t<div class=\"elementor-element elementor-element-fa1a51c elementor-widget elementor-widget-text-editor\" data-id=\"fa1a51c\" data-element_type=\"widget\" data-settings=\"{&quot;ekit_we_effect_on&quot;:&quot;none&quot;}\" data-widget_type=\"text-editor.default\">\n\t\t\t\t<div class=\"elementor-widget-container\">\n\t\t\t\t\t\t\t\t\t<p>Tamb\u00e9m atuamos na media\u00e7\u00e3o e resolu\u00e7\u00e3o de conflitos societ\u00e1rios, com o objetivo de preservar a continuidade da empresa e proteger os interesses das partes envolvidas. Nosso compromisso \u00e9 com uma advocacia empresarial moderna, segura e eficiente, que contribui para a longevidade dos neg\u00f3cios.<\/p>\t\t\t\t\t\t\t\t<\/div>\n\t\t\t\t<\/div>\n\t\t\t\t<\/div>\n\t\t<div class=\"elementor-element elementor-element-12ecb6a e-con-full e-flex e-con e-child\" data-id=\"12ecb6a\" data-element_type=\"container\" data-settings=\"{&quot;ekit_has_onepagescroll_dot&quot;:&quot;yes&quot;}\">\n\t\t\t\t<\/div>\n\t\t<div class=\"elementor-element elementor-element-53ecef7 e-con-full e-flex e-con e-child\" data-id=\"53ecef7\" data-element_type=\"container\" data-settings=\"{&quot;ekit_has_onepagescroll_dot&quot;:&quot;yes&quot;}\">\n\t\t\t\t<\/div>\n\t\t\t\t\t<\/div>\n\t\t\t\t<\/div>\n\t\t\t\t<\/div>\n\t\t","protected":false},"excerpt":{"rendered":"<p>\u00c1rea de Atua\u00e7\u00e3o Direito Societ\u00e1rio Nossa atua\u00e7\u00e3o em Direito Societ\u00e1rio \u00e9 voltada a empresas que buscam estrutura\u00e7\u00e3o jur\u00eddica s\u00f3lida, seguran\u00e7a nas rela\u00e7\u00f5es [&hellip;]<\/p>\n","protected":false},"author":1,"featured_media":0,"parent":0,"menu_order":0,"comment_status":"closed","ping_status":"closed","template":"elementor_header_footer","meta":{"footnotes":""},"class_list":["post-1552","page","type-page","status-publish","hentry"],"_links":{"self":[{"href":"https:\/\/scadvogados.adv.br\/index.php\/wp-json\/wp\/v2\/pages\/1552","targetHints":{"allow":["GET"]}}],"collection":[{"href":"https:\/\/scadvogados.adv.br\/index.php\/wp-json\/wp\/v2\/pages"}],"about":[{"href":"https:\/\/scadvogados.adv.br\/index.php\/wp-json\/wp\/v2\/types\/page"}],"author":[{"embeddable":true,"href":"https:\/\/scadvogados.adv.br\/index.php\/wp-json\/wp\/v2\/users\/1"}],"replies":[{"embeddable":true,"href":"https:\/\/scadvogados.adv.br\/index.php\/wp-json\/wp\/v2\/comments?post=1552"}],"version-history":[{"count":13,"href":"https:\/\/scadvogados.adv.br\/index.php\/wp-json\/wp\/v2\/pages\/1552\/revisions"}],"predecessor-version":[{"id":2285,"href":"https:\/\/scadvogados.adv.br\/index.php\/wp-json\/wp\/v2\/pages\/1552\/revisions\/2285"}],"wp:attachment":[{"href":"https:\/\/scadvogados.adv.br\/index.php\/wp-json\/wp\/v2\/media?parent=1552"}],"curies":[{"name":"wp","href":"https:\/\/api.w.org\/{rel}","templated":true}]}}