{"id":1560,"date":"2025-03-24T12:22:33","date_gmt":"2025-03-24T12:22:33","guid":{"rendered":"https:\/\/scadvogados.adv.br\/?page_id=1560"},"modified":"2025-05-21T20:51:16","modified_gmt":"2025-05-21T20:51:16","slug":"recuperacao-de-creditos","status":"publish","type":"page","link":"https:\/\/scadvogados.adv.br\/index.php\/recuperacao-de-creditos\/","title":{"rendered":"Recupera\u00e7\u00e3o de cr\u00e9ditos"},"content":{"rendered":"\t\t<div data-elementor-type=\"wp-page\" data-elementor-id=\"1560\" class=\"elementor elementor-1560\" data-elementor-post-type=\"page\">\n\t\t\t\t<div class=\"elementor-element elementor-element-ac4bd3b e-flex e-con-boxed e-con e-parent\" data-id=\"ac4bd3b\" data-element_type=\"container\" data-settings=\"{&quot;background_background&quot;:&quot;classic&quot;,&quot;ekit_has_onepagescroll_dot&quot;:&quot;yes&quot;}\">\n\t\t\t\t\t<div class=\"e-con-inner\">\n\t\t<div class=\"elementor-element elementor-element-90de49c e-con-full e-flex e-con e-child\" data-id=\"90de49c\" data-element_type=\"container\" data-settings=\"{&quot;ekit_has_onepagescroll_dot&quot;:&quot;yes&quot;}\">\n\t\t\t\t<div class=\"elementor-element elementor-element-623d36b elementor-widget elementor-widget-heading\" data-id=\"623d36b\" data-element_type=\"widget\" data-settings=\"{&quot;ekit_we_effect_on&quot;:&quot;none&quot;}\" data-widget_type=\"heading.default\">\n\t\t\t\t<div class=\"elementor-widget-container\">\n\t\t\t\t\t<div class=\"elementor-heading-title elementor-size-default\">\u00c1rea de Atua\u00e7\u00e3o<\/div>\t\t\t\t<\/div>\n\t\t\t\t<\/div>\n\t\t\t\t<\/div>\n\t\t<div class=\"elementor-element elementor-element-2c1d99b e-con-full e-flex e-con e-child\" data-id=\"2c1d99b\" data-element_type=\"container\" data-settings=\"{&quot;ekit_has_onepagescroll_dot&quot;:&quot;yes&quot;}\">\n\t\t\t\t<div class=\"elementor-element elementor-element-218c10d elementor-widget-divider--view-line elementor-widget elementor-widget-divider\" data-id=\"218c10d\" data-element_type=\"widget\" data-settings=\"{&quot;ekit_we_effect_on&quot;:&quot;none&quot;}\" data-widget_type=\"divider.default\">\n\t\t\t\t<div class=\"elementor-widget-container\">\n\t\t\t\t\t\t\t<div class=\"elementor-divider\">\n\t\t\t<span class=\"elementor-divider-separator\">\n\t\t\t\t\t\t<\/span>\n\t\t<\/div>\n\t\t\t\t\t\t<\/div>\n\t\t\t\t<\/div>\n\t\t\t\t<\/div>\n\t\t\t\t\t<\/div>\n\t\t\t\t<\/div>\n\t\t<div class=\"elementor-element elementor-element-7644390 e-flex e-con-boxed e-con e-parent\" data-id=\"7644390\" data-element_type=\"container\" data-settings=\"{&quot;ekit_has_onepagescroll_dot&quot;:&quot;yes&quot;}\">\n\t\t\t\t\t<div class=\"e-con-inner\">\n\t\t\t\t<div class=\"elementor-element elementor-element-693873e elementor-align-left elementor-widget elementor-widget-button\" data-id=\"693873e\" data-element_type=\"widget\" data-settings=\"{&quot;ekit_we_effect_on&quot;:&quot;none&quot;}\" data-widget_type=\"button.default\">\n\t\t\t\t<div class=\"elementor-widget-container\">\n\t\t\t\t\t\t\t\t\t<div class=\"elementor-button-wrapper\">\n\t\t\t\t\t<a class=\"elementor-button elementor-button-link elementor-size-sm\" href=\"https:\/\/scadvogados.adv.br\/index.php\/area-de-atuacao\/\">\n\t\t\t\t\t\t<span class=\"elementor-button-content-wrapper\">\n\t\t\t\t\t\t<span class=\"elementor-button-icon\">\n\t\t\t\t<i aria-hidden=\"true\" class=\"icon icon-left-arrow\"><\/i>\t\t\t<\/span>\n\t\t\t\t\t\t\t\t<\/span>\n\t\t\t\t\t<\/a>\n\t\t\t\t<\/div>\n\t\t\t\t\t\t\t\t<\/div>\n\t\t\t\t<\/div>\n\t\t\t\t\t<\/div>\n\t\t\t\t<\/div>\n\t\t<div class=\"elementor-element elementor-element-3f735da e-flex e-con-boxed e-con e-parent\" data-id=\"3f735da\" data-element_type=\"container\" data-settings=\"{&quot;ekit_has_onepagescroll_dot&quot;:&quot;yes&quot;}\">\n\t\t\t\t\t<div class=\"e-con-inner\">\n\t\t<div class=\"elementor-element elementor-element-0bb073d e-con-full e-flex e-con e-child\" data-id=\"0bb073d\" data-element_type=\"container\" data-settings=\"{&quot;ekit_has_onepagescroll_dot&quot;:&quot;yes&quot;}\">\n\t\t\t\t<div class=\"elementor-element elementor-element-82514d6 elementor-widget elementor-widget-heading\" data-id=\"82514d6\" data-element_type=\"widget\" data-settings=\"{&quot;ekit_we_effect_on&quot;:&quot;none&quot;}\" data-widget_type=\"heading.default\">\n\t\t\t\t<div class=\"elementor-widget-container\">\n\t\t\t\t\t<div class=\"elementor-heading-title elementor-size-default\">Recupera\u00e7\u00e3o de Cr\u00e9ditos<\/div>\t\t\t\t<\/div>\n\t\t\t\t<\/div>\n\t\t\t\t<div class=\"elementor-element elementor-element-2149e35 elementor-widget elementor-widget-text-editor\" data-id=\"2149e35\" data-element_type=\"widget\" data-settings=\"{&quot;ekit_we_effect_on&quot;:&quot;none&quot;}\" data-widget_type=\"text-editor.default\">\n\t\t\t\t<div class=\"elementor-widget-container\">\n\t\t\t\t\t\t\t\t\t<p>Oferecemos solu\u00e7\u00f5es \u00e1geis e estrat\u00e9gicas para a recupera\u00e7\u00e3o de cr\u00e9ditos, ajudando empresas e pessoas f\u00edsicas a reaver valores devidos de forma eficaz e respons\u00e1vel. Sabemos que a inadimpl\u00eancia compromete o fluxo financeiro e a sa\u00fade dos neg\u00f3cios \u2014 por isso, nossa atua\u00e7\u00e3o \u00e9 pautada em resultados.<\/p>\t\t\t\t\t\t\t\t<\/div>\n\t\t\t\t<\/div>\n\t\t\t\t<div class=\"elementor-element elementor-element-676e8d8 elementor-widget elementor-widget-text-editor\" data-id=\"676e8d8\" data-element_type=\"widget\" data-settings=\"{&quot;ekit_we_effect_on&quot;:&quot;none&quot;}\" data-widget_type=\"text-editor.default\">\n\t\t\t\t<div class=\"elementor-widget-container\">\n\t\t\t\t\t\t\t\t\t<p>Atuamos tanto na cobran\u00e7a extrajudicial quanto judicial, sempre priorizando a via mais adequada ao perfil da d\u00edvida e do devedor. Nossa abordagem envolve negocia\u00e7\u00e3o direta, acordos, protestos, execu\u00e7\u00f5es e todas as medidas cab\u00edveis para garantir o retorno do cr\u00e9dito.<\/p>\t\t\t\t\t\t\t\t<\/div>\n\t\t\t\t<\/div>\n\t\t\t\t<\/div>\n\t\t<div class=\"elementor-element elementor-element-8db4439 e-con-full e-flex e-con e-child\" data-id=\"8db4439\" data-element_type=\"container\" data-settings=\"{&quot;ekit_has_onepagescroll_dot&quot;:&quot;yes&quot;}\">\n\t\t\t\t<div class=\"elementor-element elementor-element-7e34db2 elementor-widget elementor-widget-text-editor\" data-id=\"7e34db2\" data-element_type=\"widget\" data-settings=\"{&quot;ekit_we_effect_on&quot;:&quot;none&quot;}\" data-widget_type=\"text-editor.default\">\n\t\t\t\t<div class=\"elementor-widget-container\">\n\t\t\t\t\t\t\t\t\t<p>Mais do que cobrar, buscamos resolver. Trabalhamos com an\u00e1lise minuciosa da situa\u00e7\u00e3o, rastreamento de bens e estrat\u00e9gias de execu\u00e7\u00e3o eficazes. Nossa atua\u00e7\u00e3o \u00e9 firme, mas respeitosa \u2014 e sempre voltada \u00e0 recupera\u00e7\u00e3o do cr\u00e9dito com o menor desgaste poss\u00edvel para nosso cliente.<\/p>\t\t\t\t\t\t\t\t<\/div>\n\t\t\t\t<\/div>\n\t\t\t\t<\/div>\n\t\t<div class=\"elementor-element elementor-element-cf15cc7 e-con-full e-flex e-con e-child\" data-id=\"cf15cc7\" data-element_type=\"container\" data-settings=\"{&quot;ekit_has_onepagescroll_dot&quot;:&quot;yes&quot;}\">\n\t\t\t\t<\/div>\n\t\t<div class=\"elementor-element elementor-element-4dfe07f e-con-full e-flex e-con e-child\" data-id=\"4dfe07f\" data-element_type=\"container\" data-settings=\"{&quot;ekit_has_onepagescroll_dot&quot;:&quot;yes&quot;}\">\n\t\t\t\t<\/div>\n\t\t\t\t\t<\/div>\n\t\t\t\t<\/div>\n\t\t\t\t<\/div>\n\t\t","protected":false},"excerpt":{"rendered":"<p>\u00c1rea de Atua\u00e7\u00e3o Recupera\u00e7\u00e3o de Cr\u00e9ditos Oferecemos solu\u00e7\u00f5es \u00e1geis e estrat\u00e9gicas para a recupera\u00e7\u00e3o de cr\u00e9ditos, ajudando empresas e pessoas f\u00edsicas a [&hellip;]<\/p>\n","protected":false},"author":1,"featured_media":0,"parent":0,"menu_order":0,"comment_status":"closed","ping_status":"closed","template":"elementor_header_footer","meta":{"footnotes":""},"class_list":["post-1560","page","type-page","status-publish","hentry"],"_links":{"self":[{"href":"https:\/\/scadvogados.adv.br\/index.php\/wp-json\/wp\/v2\/pages\/1560","targetHints":{"allow":["GET"]}}],"collection":[{"href":"https:\/\/scadvogados.adv.br\/index.php\/wp-json\/wp\/v2\/pages"}],"about":[{"href":"https:\/\/scadvogados.adv.br\/index.php\/wp-json\/wp\/v2\/types\/page"}],"author":[{"embeddable":true,"href":"https:\/\/scadvogados.adv.br\/index.php\/wp-json\/wp\/v2\/users\/1"}],"replies":[{"embeddable":true,"href":"https:\/\/scadvogados.adv.br\/index.php\/wp-json\/wp\/v2\/comments?post=1560"}],"version-history":[{"count":4,"href":"https:\/\/scadvogados.adv.br\/index.php\/wp-json\/wp\/v2\/pages\/1560\/revisions"}],"predecessor-version":[{"id":2288,"href":"https:\/\/scadvogados.adv.br\/index.php\/wp-json\/wp\/v2\/pages\/1560\/revisions\/2288"}],"wp:attachment":[{"href":"https:\/\/scadvogados.adv.br\/index.php\/wp-json\/wp\/v2\/media?parent=1560"}],"curies":[{"name":"wp","href":"https:\/\/api.w.org\/{rel}","templated":true}]}}