{"id":780,"date":"2025-02-05T20:46:02","date_gmt":"2025-02-05T20:46:02","guid":{"rendered":"https:\/\/scadvogados.adv.br\/?page_id=780"},"modified":"2025-05-21T19:01:21","modified_gmt":"2025-05-21T19:01:21","slug":"area-de-atuacao","status":"publish","type":"page","link":"https:\/\/scadvogados.adv.br\/index.php\/area-de-atuacao\/","title":{"rendered":"\u00c1rea de atua\u00e7\u00e3o"},"content":{"rendered":"\t\t<div data-elementor-type=\"wp-page\" data-elementor-id=\"780\" class=\"elementor elementor-780\" data-elementor-post-type=\"page\">\n\t\t\t\t<div class=\"elementor-element elementor-element-5c96ce4 e-con-full e-flex e-con e-parent\" data-id=\"5c96ce4\" data-element_type=\"container\" data-settings=\"{&quot;ekit_has_onepagescroll_dot&quot;:&quot;yes&quot;}\">\n\t\t<div class=\"elementor-element elementor-element-1bf7a4b e-con-full e-flex e-con e-child\" data-id=\"1bf7a4b\" data-element_type=\"container\" data-settings=\"{&quot;ekit_has_onepagescroll_dot&quot;:&quot;yes&quot;}\">\n\t\t\t\t<div class=\"elementor-element elementor-element-ced672c elementor-widget elementor-widget-elementskit-interactive-links\" data-id=\"ced672c\" data-element_type=\"widget\" data-settings=\"{&quot;ekit_we_effect_on&quot;:&quot;none&quot;}\" data-widget_type=\"elementskit-interactive-links.default\">\n\t\t\t\t<div class=\"elementor-widget-container\">\n\t\t\t\t\t<div class=\"ekit-wid-con\">        <div class=\"ekit-interactive-links interactive-background\">\n            <div class=\"ekit-interactive-links-list\">\n                                    <a class=\"ekit-interactive-links-list-link elementor-animation-\" href=\"https:\/\/scadvogados.adv.br\/index.php\/assessoria-civel\/\">\n\t\t\t\t\t\t<div class=\"ekit-interactive-links-list-link-title-container\" data-image=\"\">\n\t\t\t\t\t\t\t<i aria-hidden=\"true\" class=\"interactive-icon-before icon icon-right-arrow\"><\/i>\t\t\t\t\t\t\t<span class=\"ekit-interactive-links-list-link-title\">\n\t\t\t\t\t\t\t\tAssessoria C\u00edvel\t\t\t\t\t\t\t<\/span>\n\t\t\t\t\t\t\t\t\t\t\t\t\t<\/div>\n\t\t\t\t\t\t                    <\/a>\n                                    <a class=\"ekit-interactive-links-list-link elementor-animation-\" href=\"https:\/\/scadvogados.adv.br\/index.php\/assessoria-trabalhista\/\">\n\t\t\t\t\t\t<div class=\"ekit-interactive-links-list-link-title-container\" data-image=\"\">\n\t\t\t\t\t\t\t<i aria-hidden=\"true\" class=\"interactive-icon-before icon icon-right-arrow\"><\/i>\t\t\t\t\t\t\t<span class=\"ekit-interactive-links-list-link-title\">\n\t\t\t\t\t\t\t\tAssessoria Trabalhista\t\t\t\t\t\t\t<\/span>\n\t\t\t\t\t\t\t\t\t\t\t\t\t<\/div>\n\t\t\t\t\t\t                    <\/a>\n                                    <a class=\"ekit-interactive-links-list-link elementor-animation-\" href=\"https:\/\/scadvogados.adv.br\/index.php\/contencioso-e-preventivo\/\">\n\t\t\t\t\t\t<div class=\"ekit-interactive-links-list-link-title-container\" data-image=\"\">\n\t\t\t\t\t\t\t<i aria-hidden=\"true\" class=\"interactive-icon-before icon icon-right-arrow\"><\/i>\t\t\t\t\t\t\t<span class=\"ekit-interactive-links-list-link-title\">\n\t\t\t\t\t\t\t\tContencioso e Preventivo\t\t\t\t\t\t\t<\/span>\n\t\t\t\t\t\t\t\t\t\t\t\t\t<\/div>\n\t\t\t\t\t\t                    <\/a>\n                                    <a class=\"ekit-interactive-links-list-link elementor-animation-\" href=\"https:\/\/scadvogados.adv.br\/index.php\/contratos\/\">\n\t\t\t\t\t\t<div class=\"ekit-interactive-links-list-link-title-container\" data-image=\"\">\n\t\t\t\t\t\t\t<i aria-hidden=\"true\" class=\"interactive-icon-before icon icon-right-arrow\"><\/i>\t\t\t\t\t\t\t<span class=\"ekit-interactive-links-list-link-title\">\n\t\t\t\t\t\t\t\tContratos\t\t\t\t\t\t\t<\/span>\n\t\t\t\t\t\t\t\t\t\t\t\t\t<\/div>\n\t\t\t\t\t\t                    <\/a>\n                                    <a class=\"ekit-interactive-links-list-link elementor-animation-\" href=\"https:\/\/scadvogados.adv.br\/index.php\/societario\/\">\n\t\t\t\t\t\t<div class=\"ekit-interactive-links-list-link-title-container\" data-image=\"\">\n\t\t\t\t\t\t\t<i aria-hidden=\"true\" class=\"interactive-icon-before icon icon-right-arrow\"><\/i>\t\t\t\t\t\t\t<span class=\"ekit-interactive-links-list-link-title\">\n\t\t\t\t\t\t\t\tSociet\u00e1rio\t\t\t\t\t\t\t<\/span>\n\t\t\t\t\t\t\t\t\t\t\t\t\t<\/div>\n\t\t\t\t\t\t                    <\/a>\n                                    <a class=\"ekit-interactive-links-list-link elementor-animation-\" href=\"https:\/\/scadvogados.adv.br\/index.php\/recuperacao-de-creditos\/\">\n\t\t\t\t\t\t<div class=\"ekit-interactive-links-list-link-title-container\" data-image=\"\">\n\t\t\t\t\t\t\t<i aria-hidden=\"true\" class=\"interactive-icon-before icon icon-right-arrow\"><\/i>\t\t\t\t\t\t\t<span class=\"ekit-interactive-links-list-link-title\">\n\t\t\t\t\t\t\t\tRecupera\u00e7\u00e3o de cr\u00e9ditos\t\t\t\t\t\t\t<\/span>\n\t\t\t\t\t\t\t\t\t\t\t\t\t<\/div>\n\t\t\t\t\t\t                    <\/a>\n                            <\/div>\n            <div class=\"ekit-interactive-links-image-container\">\n\t\t\t\t\t\t\t\t\t\t\t<div class=\"ekit-interactive-links-image interactive-backgound ekit-interactive-links-image--fade\">     \n\t\t\t\t\t\t\t\t<img decoding=\"async\" src=\"https:\/\/scadvogados.adv.br\/wp-content\/uploads\/2025\/03\/civel_G.webp\" alt=\"bg-image\">\n\t\t\t\t\t\t\t<\/div>\n\t\t\t\t\t\t\t<!-- this markup is used for animation purposes -->\n\t\t\t\t\t\t\t\t\t\t\t\t\t<div class=\"ekit-interactive-links-image interactive-backgound ekit-interactive-links-image--fade\">     \n\t\t\t\t\t\t\t\t<img decoding=\"async\" src=\"https:\/\/scadvogados.adv.br\/wp-content\/uploads\/2025\/03\/trabalhista_G.webp\" alt=\"bg-image\">\n\t\t\t\t\t\t\t<\/div>\n\t\t\t\t\t\t\t<!-- this markup is used for animation purposes -->\n\t\t\t\t\t\t\t\t\t\t\t\t\t<div class=\"ekit-interactive-links-image interactive-backgound ekit-interactive-links-image--fade\">     \n\t\t\t\t\t\t\t\t<img decoding=\"async\" src=\"https:\/\/scadvogados.adv.br\/wp-content\/uploads\/2025\/03\/estudo.webp\" alt=\"bg-image\">\n\t\t\t\t\t\t\t<\/div>\n\t\t\t\t\t\t\t<!-- this markup is used for animation purposes -->\n\t\t\t\t\t\t\t\t\t\t\t\t\t<div class=\"ekit-interactive-links-image interactive-backgound ekit-interactive-links-image--fade\">     \n\t\t\t\t\t\t\t\t<img decoding=\"async\" src=\"https:\/\/scadvogados.adv.br\/wp-content\/uploads\/2025\/03\/contratos.webp\" alt=\"bg-image\">\n\t\t\t\t\t\t\t<\/div>\n\t\t\t\t\t\t\t<!-- this markup is used for animation purposes -->\n\t\t\t\t\t\t\t\t\t\t\t\t\t<div class=\"ekit-interactive-links-image interactive-backgound ekit-interactive-links-image--fade\">     \n\t\t\t\t\t\t\t\t<img decoding=\"async\" src=\"https:\/\/scadvogados.adv.br\/wp-content\/uploads\/2025\/03\/societario.webp\" alt=\"bg-image\">\n\t\t\t\t\t\t\t<\/div>\n\t\t\t\t\t\t\t<!-- this markup is used for animation purposes -->\n\t\t\t\t\t\t\t\t\t\t\t\t\t<div class=\"ekit-interactive-links-image interactive-backgound ekit-interactive-links-image--fade\">     \n\t\t\t\t\t\t\t\t<img decoding=\"async\" src=\"https:\/\/scadvogados.adv.br\/wp-content\/uploads\/2025\/03\/recuperacao.webp\" alt=\"bg-image\">\n\t\t\t\t\t\t\t<\/div>\n\t\t\t\t\t\t\t<!-- this markup is used for animation purposes -->\n\t\t\t\t\t\t            <\/div>\n        <\/div>\n        <\/div>\t\t\t\t<\/div>\n\t\t\t\t<\/div>\n\t\t\t\t<\/div>\n\t\t\t\t<\/div>\n\t\t\t\t<\/div>\n\t\t","protected":false},"excerpt":{"rendered":"<p>Assessoria C\u00edvel Assessoria Trabalhista Contencioso e Preventivo Contratos Societ\u00e1rio Recupera\u00e7\u00e3o de cr\u00e9ditos<\/p>\n","protected":false},"author":1,"featured_media":0,"parent":0,"menu_order":0,"comment_status":"closed","ping_status":"closed","template":"elementor_header_footer","meta":{"footnotes":""},"class_list":["post-780","page","type-page","status-publish","hentry"],"_links":{"self":[{"href":"https:\/\/scadvogados.adv.br\/index.php\/wp-json\/wp\/v2\/pages\/780","targetHints":{"allow":["GET"]}}],"collection":[{"href":"https:\/\/scadvogados.adv.br\/index.php\/wp-json\/wp\/v2\/pages"}],"about":[{"href":"https:\/\/scadvogados.adv.br\/index.php\/wp-json\/wp\/v2\/types\/page"}],"author":[{"embeddable":true,"href":"https:\/\/scadvogados.adv.br\/index.php\/wp-json\/wp\/v2\/users\/1"}],"replies":[{"embeddable":true,"href":"https:\/\/scadvogados.adv.br\/index.php\/wp-json\/wp\/v2\/comments?post=780"}],"version-history":[{"count":121,"href":"https:\/\/scadvogados.adv.br\/index.php\/wp-json\/wp\/v2\/pages\/780\/revisions"}],"predecessor-version":[{"id":2171,"href":"https:\/\/scadvogados.adv.br\/index.php\/wp-json\/wp\/v2\/pages\/780\/revisions\/2171"}],"wp:attachment":[{"href":"https:\/\/scadvogados.adv.br\/index.php\/wp-json\/wp\/v2\/media?parent=780"}],"curies":[{"name":"wp","href":"https:\/\/api.w.org\/{rel}","templated":true}]}}